{"id":41,"date":"2015-10-04T18:26:39","date_gmt":"2015-10-04T18:26:39","guid":{"rendered":"http:\/\/demo.hashthemes.com\/square\/?page_id=41"},"modified":"2020-09-23T18:47:45","modified_gmt":"2020-09-23T18:47:45","slug":"about-us","status":"publish","type":"page","link":"https:\/\/test.adnaceleradora.com\/index.php\/about-us\/","title":{"rendered":"Nosotros"},"content":{"rendered":"\n<h6><\/h6>\n\n\n\n<h1 class=\"has-luminous-vivid-orange-color has-text-color\">Consagramos el ADN de tu empresa.<\/h1>\n\n\n\n<p>Somos un equipo de profesionales multidisciplinarios comprometidos en mejorar cada una de las \u00e1reas estrat\u00e9gicas de tu negocio.<br><br><strong>\u00bfQu\u00e9 hacemos?<\/strong><\/p>\n\n\n\n<div class=\"wp-block-button alignright is-style-outline\"><a class=\"wp-block-button__link has-white-color has-text-color has-background\" href=\"#\" style=\"border-radius:10px;background-color:#1b4481\">\u00c1reas de Servicio<\/a><\/div>\n\n\n\n<p>Resolvemos las \u00e1reas de oportunidad de tu negocio, acompa\u00f1ando, ordenando e implementando estrategias para posicionar a tu empresa en el siguiente nivel.<\/p>\n\n\n\n<hr class=\"wp-block-separator\"\/>\n\n\n\n<div class=\"wp-block-image\"><figure class=\"aligncenter size-large is-resized\"><img loading=\"lazy\" src=\"https:\/\/test.adnaceleradora.com\/wp-content\/uploads\/2020\/09\/slide01-1024x597.png\" alt=\"\" class=\"wp-image-677\" width=\"776\" height=\"451\" srcset=\"https:\/\/test.adnaceleradora.com\/wp-content\/uploads\/2020\/09\/slide01-1024x597.png 1024w, https:\/\/test.adnaceleradora.com\/wp-content\/uploads\/2020\/09\/slide01-300x175.png 300w\" sizes=\"(max-width: 776px) 100vw, 776px\" \/><\/figure><\/div>\n\n\n\n<div class=\"wp-block-columns\">\n<div class=\"wp-block-column\" style=\"flex-basis:50%\">\n<div class=\"wp-block-image\"><figure class=\"aligncenter size-large is-resized\"><img loading=\"lazy\" src=\"https:\/\/test.adnaceleradora.com\/wp-content\/uploads\/2020\/09\/thinking01-1328x1000-1-1024x771.png\" alt=\"\" class=\"wp-image-681\" width=\"366\" height=\"275\" srcset=\"https:\/\/test.adnaceleradora.com\/wp-content\/uploads\/2020\/09\/thinking01-1328x1000-1-1024x771.png 1024w, https:\/\/test.adnaceleradora.com\/wp-content\/uploads\/2020\/09\/thinking01-1328x1000-1-300x226.png 300w, https:\/\/test.adnaceleradora.com\/wp-content\/uploads\/2020\/09\/thinking01-1328x1000-1-768x578.png 768w, https:\/\/test.adnaceleradora.com\/wp-content\/uploads\/2020\/09\/thinking01-1328x1000-1.png 1328w\" sizes=\"(max-width: 366px) 100vw, 366px\" \/><\/figure><\/div>\n<\/div>\n\n\n\n<div class=\"wp-block-column\" style=\"flex-basis:33.33%\">\n<h2 class=\"has-text-color\" style=\"color:#1b4481\">ALIADOS ESTRAT\u00c9GICOS<\/h2>\n\n\n\n<p><strong>\u00bfQu\u00e9 significa?<\/strong><br>Nos subiremos al barco contigo para acompa\u00f1arte paso a paso en la implementaci\u00f3n de las estrategias que tu empresa requiere, y as\u00ed eficientar tus procesos.<\/p>\n\n\n\n<div class=\"wp-block-buttons aligncenter\">\n<div class=\"wp-block-button is-style-outline\"><a class=\"wp-block-button__link has-luminous-vivid-orange-color has-white-background-color has-text-color has-background\" style=\"border-radius:20px\">Cont\u00e1ctanos<\/a><\/div>\n<\/div>\n<\/div>\n<\/div>\n\n\n\n<p><\/p>\n","protected":false},"excerpt":{"rendered":"<p>Consagramos el ADN de tu empresa. Somos un equipo de profesionales multidisciplinarios comprometidos en mejorar cada una de las \u00e1reas estrat\u00e9gicas de tu negocio. \u00bfQu\u00e9 hacemos? Resolvemos las \u00e1reas de oportunidad de tu negocio, acompa\u00f1ando, ordenando e implementando estrategias para posicionar a tu empresa en el siguiente nivel. ALIADOS ESTRAT\u00c9GICOS \u00bfQu\u00e9 significa?Nos subiremos al barco [&hellip;]<\/p>\n","protected":false},"author":1,"featured_media":0,"parent":0,"menu_order":0,"comment_status":"closed","ping_status":"closed","template":"","meta":[],"_links":{"self":[{"href":"https:\/\/test.adnaceleradora.com\/index.php\/wp-json\/wp\/v2\/pages\/41"}],"collection":[{"href":"https:\/\/test.adnaceleradora.com\/index.php\/wp-json\/wp\/v2\/pages"}],"about":[{"href":"https:\/\/test.adnaceleradora.com\/index.php\/wp-json\/wp\/v2\/types\/page"}],"author":[{"embeddable":true,"href":"https:\/\/test.adnaceleradora.com\/index.php\/wp-json\/wp\/v2\/users\/1"}],"replies":[{"embeddable":true,"href":"https:\/\/test.adnaceleradora.com\/index.php\/wp-json\/wp\/v2\/comments?post=41"}],"version-history":[{"count":10,"href":"https:\/\/test.adnaceleradora.com\/index.php\/wp-json\/wp\/v2\/pages\/41\/revisions"}],"predecessor-version":[{"id":688,"href":"https:\/\/test.adnaceleradora.com\/index.php\/wp-json\/wp\/v2\/pages\/41\/revisions\/688"}],"wp:attachment":[{"href":"https:\/\/test.adnaceleradora.com\/index.php\/wp-json\/wp\/v2\/media?parent=41"}],"curies":[{"name":"wp","href":"https:\/\/api.w.org\/{rel}","templated":true}]}}