{"id":53,"date":"2015-10-04T18:57:46","date_gmt":"2015-10-04T18:57:46","guid":{"rendered":"http:\/\/demo.hashthemes.com\/square\/?page_id=53"},"modified":"2021-06-08T14:43:58","modified_gmt":"2021-06-08T14:43:58","slug":"acompanamiento-empresarial","status":"publish","type":"page","link":"https:\/\/test.adnaceleradora.com\/index.php\/acompanamiento-empresarial\/","title":{"rendered":"Acompa\u00f1amiento Empresarial."},"content":{"rendered":"\t\t<div data-elementor-type=\"wp-page\" data-elementor-id=\"53\" class=\"elementor elementor-53\" data-elementor-settings=\"[]\">\n\t\t\t\t\t\t<div class=\"elementor-inner\">\n\t\t\t\t\t\t\t<div class=\"elementor-section-wrap\">\n\t\t\t\t\t\t\t<section class=\"elementor-section elementor-top-section elementor-element elementor-element-3cbb9949 elementor-section-boxed elementor-section-height-default elementor-section-height-default\" data-id=\"3cbb9949\" data-element_type=\"section\">\n\t\t\t\t\t\t<div class=\"elementor-container elementor-column-gap-default\">\n\t\t\t\t\t\t\t<div class=\"elementor-row\">\n\t\t\t\t\t<div class=\"elementor-column elementor-col-100 elementor-top-column elementor-element elementor-element-2e8d17f8\" data-id=\"2e8d17f8\" data-element_type=\"column\">\n\t\t\t<div class=\"elementor-column-wrap elementor-element-populated\">\n\t\t\t\t\t\t\t<div class=\"elementor-widget-wrap\">\n\t\t\t\t\t\t<div class=\"elementor-element elementor-element-012f228 elementor-widget elementor-widget-heading\" data-id=\"012f228\" data-element_type=\"widget\" data-widget_type=\"heading.default\">\n\t\t\t\t<div class=\"elementor-widget-container\">\n\t\t\t<h2 class=\"elementor-heading-title elementor-size-default\">Procesos probados, comprobados y sobre todo, replicables.\n<\/h2>\t\t<\/div>\n\t\t\t\t<\/div>\n\t\t\t\t<div class=\"elementor-element elementor-element-2b9df263 elementor-widget elementor-widget-text-editor\" data-id=\"2b9df263\" data-element_type=\"widget\" data-widget_type=\"text-editor.default\">\n\t\t\t\t<div class=\"elementor-widget-container\">\n\t\t\t\t\t\t\t\t<div class=\"elementor-text-editor elementor-clearfix\">\n\t\t\t\t\t<p><!-- wp:heading {\"level\":3} --><\/p>\n<h3><span style=\"color: var( --e-global-color-text ); font-weight: var( --e-global-typography-text-font-weight ); font-size: 16px;\">Optimiza tus recursos e invierte tu capital de manera segura en nuestra metodolog\u00eda de trabajo. Contamos con acompa\u00f1amiento empresarial en l\u00e1s \u00e1reas clave de tu empresa.<\/span><\/h3>\n<p><!-- \/wp:paragraph --><!-- wp:paragraph --><!-- \/wp:paragraph --><!-- wp:heading {\"level\":3} --><!-- \/wp:heading --><!-- wp:paragraph --><!-- \/wp:paragraph --><\/p>\t\t\t\t\t<\/div>\n\t\t\t\t\t\t<\/div>\n\t\t\t\t<\/div>\n\t\t\t\t\t\t<\/div>\n\t\t\t\t\t<\/div>\n\t\t<\/div>\n\t\t\t\t\t\t\t\t<\/div>\n\t\t\t\t\t<\/div>\n\t\t<\/section>\n\t\t\t\t<section class=\"elementor-section elementor-top-section elementor-element elementor-element-75f598c elementor-section-boxed elementor-section-height-default elementor-section-height-default\" data-id=\"75f598c\" data-element_type=\"section\">\n\t\t\t\t\t\t<div class=\"elementor-container elementor-column-gap-default\">\n\t\t\t\t\t\t\t<div class=\"elementor-row\">\n\t\t\t\t\t<div class=\"elementor-column elementor-col-100 elementor-top-column elementor-element elementor-element-7a5d1a9\" data-id=\"7a5d1a9\" data-element_type=\"column\">\n\t\t\t<div class=\"elementor-column-wrap elementor-element-populated\">\n\t\t\t\t\t\t\t<div class=\"elementor-widget-wrap\">\n\t\t\t\t\t\t<div class=\"elementor-element elementor-element-861d071 elementor-widget-divider--view-line elementor-widget elementor-widget-divider\" data-id=\"861d071\" data-element_type=\"widget\" data-widget_type=\"divider.default\">\n\t\t\t\t<div class=\"elementor-widget-container\">\n\t\t\t\t\t<div class=\"elementor-divider\">\n\t\t\t<span class=\"elementor-divider-separator\">\n\t\t\t\t\t\t<\/span>\n\t\t<\/div>\n\t\t\t\t<\/div>\n\t\t\t\t<\/div>\n\t\t\t\t\t\t<\/div>\n\t\t\t\t\t<\/div>\n\t\t<\/div>\n\t\t\t\t\t\t\t\t<\/div>\n\t\t\t\t\t<\/div>\n\t\t<\/section>\n\t\t\t\t<section class=\"elementor-section elementor-top-section elementor-element elementor-element-42a977d elementor-section-boxed elementor-section-height-default elementor-section-height-default\" data-id=\"42a977d\" data-element_type=\"section\">\n\t\t\t\t\t\t<div class=\"elementor-container elementor-column-gap-default\">\n\t\t\t\t\t\t\t<div class=\"elementor-row\">\n\t\t\t\t\t<div class=\"elementor-column elementor-col-50 elementor-top-column elementor-element elementor-element-8238a83\" data-id=\"8238a83\" data-element_type=\"column\">\n\t\t\t<div class=\"elementor-column-wrap elementor-element-populated\">\n\t\t\t\t\t\t\t<div class=\"elementor-widget-wrap\">\n\t\t\t\t\t\t<div class=\"elementor-element elementor-element-aa288dd elementor-widget elementor-widget-image\" data-id=\"aa288dd\" data-element_type=\"widget\" data-widget_type=\"image.default\">\n\t\t\t\t<div class=\"elementor-widget-container\">\n\t\t\t\t\t\t\t\t<div class=\"elementor-image\">\n\t\t\t\t\t\t\t\t\t\t\t\t<img width=\"300\" height=\"226\" src=\"https:\/\/test.adnaceleradora.com\/wp-content\/uploads\/2020\/09\/thinking01-1328x1000-1-300x226.png\" class=\"attachment-medium size-medium\" alt=\"\" loading=\"lazy\" srcset=\"https:\/\/test.adnaceleradora.com\/wp-content\/uploads\/2020\/09\/thinking01-1328x1000-1-300x226.png 300w, https:\/\/test.adnaceleradora.com\/wp-content\/uploads\/2020\/09\/thinking01-1328x1000-1-1024x771.png 1024w, https:\/\/test.adnaceleradora.com\/wp-content\/uploads\/2020\/09\/thinking01-1328x1000-1-768x578.png 768w, https:\/\/test.adnaceleradora.com\/wp-content\/uploads\/2020\/09\/thinking01-1328x1000-1.png 1328w\" sizes=\"(max-width: 300px) 100vw, 300px\" \/>\t\t\t\t\t\t\t\t\t\t\t\t\t\t<\/div>\n\t\t\t\t\t\t<\/div>\n\t\t\t\t<\/div>\n\t\t\t\t\t\t<\/div>\n\t\t\t\t\t<\/div>\n\t\t<\/div>\n\t\t\t\t<div class=\"elementor-column elementor-col-50 elementor-top-column elementor-element elementor-element-dba9c94\" data-id=\"dba9c94\" data-element_type=\"column\">\n\t\t\t<div class=\"elementor-column-wrap elementor-element-populated\">\n\t\t\t\t\t\t\t<div class=\"elementor-widget-wrap\">\n\t\t\t\t\t\t<div class=\"elementor-element elementor-element-6cf0aa9 elementor-widget elementor-widget-heading\" data-id=\"6cf0aa9\" data-element_type=\"widget\" data-widget_type=\"heading.default\">\n\t\t\t\t<div class=\"elementor-widget-container\">\n\t\t\t<h2 class=\"elementor-heading-title elementor-size-default\">Nuestro compromiso contigo.<\/h2>\t\t<\/div>\n\t\t\t\t<\/div>\n\t\t\t\t<div class=\"elementor-element elementor-element-a49b5bf elementor-widget elementor-widget-text-editor\" data-id=\"a49b5bf\" data-element_type=\"widget\" data-widget_type=\"text-editor.default\">\n\t\t\t\t<div class=\"elementor-widget-container\">\n\t\t\t\t\t\t\t\t<div class=\"elementor-text-editor elementor-clearfix\">\n\t\t\t\t\t<p>Buscamos siempre los mejores procesos y la mejora continua de los mismo para eficientar cada aspecto de tu marca.<\/p>\t\t\t\t\t<\/div>\n\t\t\t\t\t\t<\/div>\n\t\t\t\t<\/div>\n\t\t\t\t\t\t<\/div>\n\t\t\t\t\t<\/div>\n\t\t<\/div>\n\t\t\t\t\t\t\t\t<\/div>\n\t\t\t\t\t<\/div>\n\t\t<\/section>\n\t\t\t\t\t\t<\/div>\n\t\t\t\t\t\t<\/div>\n\t\t\t\t\t<\/div>\n\t\t","protected":false},"excerpt":{"rendered":"<p>Suscipit tellus mauris a diam maecenas sed. Odio aenean sed adipiscing diam donec adipiscing tristique risus. In ornare quam viverra orci sagittis. Proin tempus felis ante, non pretium nibh porttitor ultrices. Donec ac semper arcu.<\/p>\n","protected":false},"author":1,"featured_media":0,"parent":0,"menu_order":0,"comment_status":"closed","ping_status":"closed","template":"","meta":[],"_links":{"self":[{"href":"https:\/\/test.adnaceleradora.com\/index.php\/wp-json\/wp\/v2\/pages\/53"}],"collection":[{"href":"https:\/\/test.adnaceleradora.com\/index.php\/wp-json\/wp\/v2\/pages"}],"about":[{"href":"https:\/\/test.adnaceleradora.com\/index.php\/wp-json\/wp\/v2\/types\/page"}],"author":[{"embeddable":true,"href":"https:\/\/test.adnaceleradora.com\/index.php\/wp-json\/wp\/v2\/users\/1"}],"replies":[{"embeddable":true,"href":"https:\/\/test.adnaceleradora.com\/index.php\/wp-json\/wp\/v2\/comments?post=53"}],"version-history":[{"count":12,"href":"https:\/\/test.adnaceleradora.com\/index.php\/wp-json\/wp\/v2\/pages\/53\/revisions"}],"predecessor-version":[{"id":761,"href":"https:\/\/test.adnaceleradora.com\/index.php\/wp-json\/wp\/v2\/pages\/53\/revisions\/761"}],"wp:attachment":[{"href":"https:\/\/test.adnaceleradora.com\/index.php\/wp-json\/wp\/v2\/media?parent=53"}],"curies":[{"name":"wp","href":"https:\/\/api.w.org\/{rel}","templated":true}]}}