{"id":659,"date":"2020-09-23T16:24:35","date_gmt":"2020-09-23T16:24:35","guid":{"rendered":"https:\/\/test.adnaceleradora.com\/?page_id=659"},"modified":"2020-11-05T14:50:43","modified_gmt":"2020-11-05T14:50:43","slug":"areas-de-servicio-2","status":"publish","type":"page","link":"https:\/\/test.adnaceleradora.com\/index.php\/areas-de-servicio-2\/","title":{"rendered":"\u00c1reas de Servicio"},"content":{"rendered":"\t\t<div data-elementor-type=\"wp-page\" data-elementor-id=\"659\" class=\"elementor elementor-659\" data-elementor-settings=\"[]\">\n\t\t\t\t\t\t<div class=\"elementor-inner\">\n\t\t\t\t\t\t\t<div class=\"elementor-section-wrap\">\n\t\t\t\t\t\t\t<section class=\"elementor-section elementor-top-section elementor-element elementor-element-580d0a5 elementor-section-boxed elementor-section-height-default elementor-section-height-default\" data-id=\"580d0a5\" data-element_type=\"section\">\n\t\t\t\t\t\t<div class=\"elementor-container elementor-column-gap-default\">\n\t\t\t\t\t\t\t<div class=\"elementor-row\">\n\t\t\t\t\t<div class=\"elementor-column elementor-col-33 elementor-top-column elementor-element elementor-element-eb61074\" data-id=\"eb61074\" data-element_type=\"column\">\n\t\t\t<div class=\"elementor-column-wrap elementor-element-populated\">\n\t\t\t\t\t\t\t<div class=\"elementor-widget-wrap\">\n\t\t\t\t\t\t<div class=\"elementor-element elementor-element-37e8b0f elementor-invisible elementor-widget elementor-widget-image\" data-id=\"37e8b0f\" data-element_type=\"widget\" data-settings=\"{&quot;_animation&quot;:&quot;fadeInLeft&quot;}\" data-widget_type=\"image.default\">\n\t\t\t\t<div class=\"elementor-widget-container\">\n\t\t\t\t\t\t\t\t<div class=\"elementor-image\">\n\t\t\t\t\t\t\t\t\t\t\t\t<img width=\"800\" height=\"800\" src=\"https:\/\/test.adnaceleradora.com\/wp-content\/uploads\/2020\/09\/icons_comercial-1024x1024.png\" class=\"attachment-large size-large\" alt=\"\" loading=\"lazy\" srcset=\"https:\/\/test.adnaceleradora.com\/wp-content\/uploads\/2020\/09\/icons_comercial-1024x1024.png 1024w, https:\/\/test.adnaceleradora.com\/wp-content\/uploads\/2020\/09\/icons_comercial-300x300.png 300w, https:\/\/test.adnaceleradora.com\/wp-content\/uploads\/2020\/09\/icons_comercial-150x150.png 150w, https:\/\/test.adnaceleradora.com\/wp-content\/uploads\/2020\/09\/icons_comercial-768x767.png 768w, https:\/\/test.adnaceleradora.com\/wp-content\/uploads\/2020\/09\/icons_comercial-1536x1536.png 1536w, https:\/\/test.adnaceleradora.com\/wp-content\/uploads\/2020\/09\/icons_comercial-2048x2046.png 2048w\" sizes=\"(max-width: 800px) 100vw, 800px\" \/>\t\t\t\t\t\t\t\t\t\t\t\t\t\t<\/div>\n\t\t\t\t\t\t<\/div>\n\t\t\t\t<\/div>\n\t\t\t\t\t\t<\/div>\n\t\t\t\t\t<\/div>\n\t\t<\/div>\n\t\t\t\t<div class=\"elementor-column elementor-col-66 elementor-top-column elementor-element elementor-element-a2e6ec2\" data-id=\"a2e6ec2\" data-element_type=\"column\">\n\t\t\t<div class=\"elementor-column-wrap elementor-element-populated\">\n\t\t\t\t\t\t\t<div class=\"elementor-widget-wrap\">\n\t\t\t\t\t\t<div class=\"elementor-element elementor-element-6120329 elementor-invisible elementor-widget elementor-widget-heading\" data-id=\"6120329\" data-element_type=\"widget\" data-settings=\"{&quot;_animation&quot;:&quot;fadeIn&quot;}\" data-widget_type=\"heading.default\">\n\t\t\t\t<div class=\"elementor-widget-container\">\n\t\t\t<h1 class=\"elementor-heading-title elementor-size-default\">COMERCIAL<\/h1>\t\t<\/div>\n\t\t\t\t<\/div>\n\t\t\t\t<div class=\"elementor-element elementor-element-2bc92bb elementor-invisible elementor-widget elementor-widget-text-editor\" data-id=\"2bc92bb\" data-element_type=\"widget\" data-settings=\"{&quot;_animation&quot;:&quot;slideInUp&quot;}\" data-widget_type=\"text-editor.default\">\n\t\t\t\t<div class=\"elementor-widget-container\">\n\t\t\t\t\t\t\t\t<div class=\"elementor-text-editor elementor-clearfix\">\n\t\t\t\t\t<h4><b>Vende m\u00e1s. Con creatividad.<\/b><\/h4>\t\t\t\t\t<\/div>\n\t\t\t\t\t\t<\/div>\n\t\t\t\t<\/div>\n\t\t\t\t<div class=\"elementor-element elementor-element-feec18e elementor-align-left elementor-widget elementor-widget-button\" data-id=\"feec18e\" data-element_type=\"widget\" data-widget_type=\"button.default\">\n\t\t\t\t<div class=\"elementor-widget-container\">\n\t\t\t\t\t<div class=\"elementor-button-wrapper\">\n\t\t\t<a href=\"#\" class=\"elementor-button-link elementor-button elementor-size-xs\" role=\"button\">\n\t\t\t\t\t\t<span class=\"elementor-button-content-wrapper\">\n\t\t\t\t\t\t<span class=\"elementor-button-text\">Ver m\u00e1s<\/span>\n\t\t<\/span>\n\t\t\t\t\t<\/a>\n\t\t<\/div>\n\t\t\t\t<\/div>\n\t\t\t\t<\/div>\n\t\t\t\t\t\t<\/div>\n\t\t\t\t\t<\/div>\n\t\t<\/div>\n\t\t\t\t\t\t\t\t<\/div>\n\t\t\t\t\t<\/div>\n\t\t<\/section>\n\t\t\t\t<section class=\"elementor-section elementor-top-section elementor-element elementor-element-e3410e3 elementor-section-boxed elementor-section-height-default elementor-section-height-default\" data-id=\"e3410e3\" data-element_type=\"section\">\n\t\t\t\t\t\t<div class=\"elementor-container elementor-column-gap-default\">\n\t\t\t\t\t\t\t<div class=\"elementor-row\">\n\t\t\t\t\t<div class=\"elementor-column elementor-col-33 elementor-top-column elementor-element elementor-element-64fc16a\" data-id=\"64fc16a\" data-element_type=\"column\">\n\t\t\t<div class=\"elementor-column-wrap elementor-element-populated\">\n\t\t\t\t\t\t\t<div class=\"elementor-widget-wrap\">\n\t\t\t\t\t\t<div class=\"elementor-element elementor-element-cb3955a elementor-invisible elementor-widget elementor-widget-image\" data-id=\"cb3955a\" data-element_type=\"widget\" data-settings=\"{&quot;_animation&quot;:&quot;fadeInRight&quot;}\" data-widget_type=\"image.default\">\n\t\t\t\t<div class=\"elementor-widget-container\">\n\t\t\t\t\t\t\t\t<div class=\"elementor-image\">\n\t\t\t\t\t\t\t\t\t\t\t\t<img width=\"800\" height=\"800\" src=\"https:\/\/test.adnaceleradora.com\/wp-content\/uploads\/2020\/09\/icons_operaciones-1024x1024.png\" class=\"attachment-large size-large\" alt=\"\" loading=\"lazy\" srcset=\"https:\/\/test.adnaceleradora.com\/wp-content\/uploads\/2020\/09\/icons_operaciones-1024x1024.png 1024w, https:\/\/test.adnaceleradora.com\/wp-content\/uploads\/2020\/09\/icons_operaciones-300x300.png 300w, https:\/\/test.adnaceleradora.com\/wp-content\/uploads\/2020\/09\/icons_operaciones-150x150.png 150w, https:\/\/test.adnaceleradora.com\/wp-content\/uploads\/2020\/09\/icons_operaciones-768x768.png 768w, https:\/\/test.adnaceleradora.com\/wp-content\/uploads\/2020\/09\/icons_operaciones-1536x1536.png 1536w, https:\/\/test.adnaceleradora.com\/wp-content\/uploads\/2020\/09\/icons_operaciones-2048x2048.png 2048w\" sizes=\"(max-width: 800px) 100vw, 800px\" \/>\t\t\t\t\t\t\t\t\t\t\t\t\t\t<\/div>\n\t\t\t\t\t\t<\/div>\n\t\t\t\t<\/div>\n\t\t\t\t\t\t<\/div>\n\t\t\t\t\t<\/div>\n\t\t<\/div>\n\t\t\t\t<div class=\"elementor-column elementor-col-66 elementor-top-column elementor-element elementor-element-fc53b12\" data-id=\"fc53b12\" data-element_type=\"column\">\n\t\t\t<div class=\"elementor-column-wrap elementor-element-populated\">\n\t\t\t\t\t\t\t<div class=\"elementor-widget-wrap\">\n\t\t\t\t\t\t<div class=\"elementor-element elementor-element-776167b elementor-invisible elementor-widget elementor-widget-heading\" data-id=\"776167b\" data-element_type=\"widget\" data-settings=\"{&quot;_animation&quot;:&quot;fadeIn&quot;}\" data-widget_type=\"heading.default\">\n\t\t\t\t<div class=\"elementor-widget-container\">\n\t\t\t<h1 class=\"elementor-heading-title elementor-size-default\">OPERACIONES<\/h1>\t\t<\/div>\n\t\t\t\t<\/div>\n\t\t\t\t<div class=\"elementor-element elementor-element-da0b7f9 elementor-invisible elementor-widget elementor-widget-text-editor\" data-id=\"da0b7f9\" data-element_type=\"widget\" data-settings=\"{&quot;_animation&quot;:&quot;slideInUp&quot;}\" data-widget_type=\"text-editor.default\">\n\t\t\t\t<div class=\"elementor-widget-container\">\n\t\t\t\t\t\t\t\t<div class=\"elementor-text-editor elementor-clearfix\">\n\t\t\t\t\t<h4 style=\"text-align: left;\"><strong>Gestiona tus procesos.<\/strong><\/h4>\t\t\t\t\t<\/div>\n\t\t\t\t\t\t<\/div>\n\t\t\t\t<\/div>\n\t\t\t\t<div class=\"elementor-element elementor-element-3541bd3 elementor-align-left elementor-widget elementor-widget-button\" data-id=\"3541bd3\" data-element_type=\"widget\" data-widget_type=\"button.default\">\n\t\t\t\t<div class=\"elementor-widget-container\">\n\t\t\t\t\t<div class=\"elementor-button-wrapper\">\n\t\t\t<a href=\"#\" class=\"elementor-button-link elementor-button elementor-size-xs\" role=\"button\">\n\t\t\t\t\t\t<span class=\"elementor-button-content-wrapper\">\n\t\t\t\t\t\t<span class=\"elementor-button-text\">Ver m\u00e1s<\/span>\n\t\t<\/span>\n\t\t\t\t\t<\/a>\n\t\t<\/div>\n\t\t\t\t<\/div>\n\t\t\t\t<\/div>\n\t\t\t\t\t\t<\/div>\n\t\t\t\t\t<\/div>\n\t\t<\/div>\n\t\t\t\t\t\t\t\t<\/div>\n\t\t\t\t\t<\/div>\n\t\t<\/section>\n\t\t\t\t<section class=\"elementor-section elementor-top-section elementor-element elementor-element-c6927a6 elementor-section-boxed elementor-section-height-default elementor-section-height-default\" data-id=\"c6927a6\" data-element_type=\"section\">\n\t\t\t\t\t\t<div class=\"elementor-container elementor-column-gap-default\">\n\t\t\t\t\t\t\t<div class=\"elementor-row\">\n\t\t\t\t\t<div class=\"elementor-column elementor-col-33 elementor-top-column elementor-element elementor-element-8574423\" data-id=\"8574423\" data-element_type=\"column\">\n\t\t\t<div class=\"elementor-column-wrap elementor-element-populated\">\n\t\t\t\t\t\t\t<div class=\"elementor-widget-wrap\">\n\t\t\t\t\t\t<div class=\"elementor-element elementor-element-cdf3cd1 elementor-invisible elementor-widget elementor-widget-image\" data-id=\"cdf3cd1\" data-element_type=\"widget\" data-settings=\"{&quot;_animation&quot;:&quot;fadeInLeft&quot;}\" data-widget_type=\"image.default\">\n\t\t\t\t<div class=\"elementor-widget-container\">\n\t\t\t\t\t\t\t\t<div class=\"elementor-image\">\n\t\t\t\t\t\t\t\t\t\t\t\t\t<a href=\"https:\/\/test.adnaceleradora.com\/wp-content\/uploads\/2020\/09\/icons_admony-fin.png\" data-elementor-open-lightbox=\"yes\" data-elementor-lightbox-title=\"icons_admony-fin\">\n\t\t\t\t\t\t\t<img width=\"800\" height=\"800\" src=\"https:\/\/test.adnaceleradora.com\/wp-content\/uploads\/2020\/09\/icons_admony-fin-1024x1024.png\" class=\"attachment-large size-large\" alt=\"\" loading=\"lazy\" srcset=\"https:\/\/test.adnaceleradora.com\/wp-content\/uploads\/2020\/09\/icons_admony-fin-1024x1024.png 1024w, https:\/\/test.adnaceleradora.com\/wp-content\/uploads\/2020\/09\/icons_admony-fin-300x300.png 300w, https:\/\/test.adnaceleradora.com\/wp-content\/uploads\/2020\/09\/icons_admony-fin-150x150.png 150w, https:\/\/test.adnaceleradora.com\/wp-content\/uploads\/2020\/09\/icons_admony-fin-768x768.png 768w, https:\/\/test.adnaceleradora.com\/wp-content\/uploads\/2020\/09\/icons_admony-fin-1536x1536.png 1536w, https:\/\/test.adnaceleradora.com\/wp-content\/uploads\/2020\/09\/icons_admony-fin-2048x2048.png 2048w\" sizes=\"(max-width: 800px) 100vw, 800px\" \/>\t\t\t\t\t\t\t\t<\/a>\n\t\t\t\t\t\t\t\t\t\t\t\t\t\t<\/div>\n\t\t\t\t\t\t<\/div>\n\t\t\t\t<\/div>\n\t\t\t\t\t\t<\/div>\n\t\t\t\t\t<\/div>\n\t\t<\/div>\n\t\t\t\t<div class=\"elementor-column elementor-col-66 elementor-top-column elementor-element elementor-element-94eb3fb\" data-id=\"94eb3fb\" data-element_type=\"column\">\n\t\t\t<div class=\"elementor-column-wrap elementor-element-populated\">\n\t\t\t\t\t\t\t<div class=\"elementor-widget-wrap\">\n\t\t\t\t\t\t<div class=\"elementor-element elementor-element-28643ae elementor-invisible elementor-widget elementor-widget-heading\" data-id=\"28643ae\" data-element_type=\"widget\" data-settings=\"{&quot;_animation&quot;:&quot;fadeIn&quot;}\" data-widget_type=\"heading.default\">\n\t\t\t\t<div class=\"elementor-widget-container\">\n\t\t\t<h1 class=\"elementor-heading-title elementor-size-default\">ADMINISTRACI\u00d3N<br>Y FINANZAS<\/h1>\t\t<\/div>\n\t\t\t\t<\/div>\n\t\t\t\t<div class=\"elementor-element elementor-element-6817a9a elementor-invisible elementor-widget elementor-widget-text-editor\" data-id=\"6817a9a\" data-element_type=\"widget\" data-settings=\"{&quot;_animation&quot;:&quot;slideInUp&quot;}\" data-widget_type=\"text-editor.default\">\n\t\t\t\t<div class=\"elementor-widget-container\">\n\t\t\t\t\t\t\t\t<div class=\"elementor-text-editor elementor-clearfix\">\n\t\t\t\t\t<h4><b>Optimiza tus recursos.<\/b><\/h4>\t\t\t\t\t<\/div>\n\t\t\t\t\t\t<\/div>\n\t\t\t\t<\/div>\n\t\t\t\t<div class=\"elementor-element elementor-element-44994a0 elementor-align-left elementor-widget elementor-widget-button\" data-id=\"44994a0\" data-element_type=\"widget\" data-widget_type=\"button.default\">\n\t\t\t\t<div class=\"elementor-widget-container\">\n\t\t\t\t\t<div class=\"elementor-button-wrapper\">\n\t\t\t<a href=\"#\" class=\"elementor-button-link elementor-button elementor-size-xs\" role=\"button\">\n\t\t\t\t\t\t<span class=\"elementor-button-content-wrapper\">\n\t\t\t\t\t\t<span class=\"elementor-button-text\">Ver m\u00e1s<\/span>\n\t\t<\/span>\n\t\t\t\t\t<\/a>\n\t\t<\/div>\n\t\t\t\t<\/div>\n\t\t\t\t<\/div>\n\t\t\t\t\t\t<\/div>\n\t\t\t\t\t<\/div>\n\t\t<\/div>\n\t\t\t\t\t\t\t\t<\/div>\n\t\t\t\t\t<\/div>\n\t\t<\/section>\n\t\t\t\t<section class=\"elementor-section elementor-top-section elementor-element elementor-element-7d272cc elementor-section-boxed elementor-section-height-default elementor-section-height-default\" data-id=\"7d272cc\" data-element_type=\"section\">\n\t\t\t\t\t\t<div class=\"elementor-container elementor-column-gap-default\">\n\t\t\t\t\t\t\t<div class=\"elementor-row\">\n\t\t\t\t\t<div class=\"elementor-column elementor-col-33 elementor-top-column elementor-element elementor-element-45371ae\" data-id=\"45371ae\" data-element_type=\"column\">\n\t\t\t<div class=\"elementor-column-wrap elementor-element-populated\">\n\t\t\t\t\t\t\t<div class=\"elementor-widget-wrap\">\n\t\t\t\t\t\t<div class=\"elementor-element elementor-element-9ad5346 elementor-invisible elementor-widget elementor-widget-image\" data-id=\"9ad5346\" data-element_type=\"widget\" data-settings=\"{&quot;_animation&quot;:&quot;fadeInRight&quot;}\" data-widget_type=\"image.default\">\n\t\t\t\t<div class=\"elementor-widget-container\">\n\t\t\t\t\t\t\t\t<div class=\"elementor-image\">\n\t\t\t\t\t\t\t\t\t\t\t\t<img width=\"800\" height=\"800\" src=\"https:\/\/test.adnaceleradora.com\/wp-content\/uploads\/2020\/09\/icons_cap-hum-1024x1024.png\" class=\"attachment-large size-large\" alt=\"\" loading=\"lazy\" srcset=\"https:\/\/test.adnaceleradora.com\/wp-content\/uploads\/2020\/09\/icons_cap-hum-1024x1024.png 1024w, https:\/\/test.adnaceleradora.com\/wp-content\/uploads\/2020\/09\/icons_cap-hum-300x300.png 300w, https:\/\/test.adnaceleradora.com\/wp-content\/uploads\/2020\/09\/icons_cap-hum-150x150.png 150w, https:\/\/test.adnaceleradora.com\/wp-content\/uploads\/2020\/09\/icons_cap-hum-768x767.png 768w, https:\/\/test.adnaceleradora.com\/wp-content\/uploads\/2020\/09\/icons_cap-hum-1536x1536.png 1536w, https:\/\/test.adnaceleradora.com\/wp-content\/uploads\/2020\/09\/icons_cap-hum-2048x2046.png 2048w\" sizes=\"(max-width: 800px) 100vw, 800px\" \/>\t\t\t\t\t\t\t\t\t\t\t\t\t\t<\/div>\n\t\t\t\t\t\t<\/div>\n\t\t\t\t<\/div>\n\t\t\t\t\t\t<\/div>\n\t\t\t\t\t<\/div>\n\t\t<\/div>\n\t\t\t\t<div class=\"elementor-column elementor-col-66 elementor-top-column elementor-element elementor-element-8627a2b\" data-id=\"8627a2b\" data-element_type=\"column\">\n\t\t\t<div class=\"elementor-column-wrap elementor-element-populated\">\n\t\t\t\t\t\t\t<div class=\"elementor-widget-wrap\">\n\t\t\t\t\t\t<div class=\"elementor-element elementor-element-4da4436 elementor-invisible elementor-widget elementor-widget-heading\" data-id=\"4da4436\" data-element_type=\"widget\" data-settings=\"{&quot;_animation&quot;:&quot;fadeIn&quot;}\" data-widget_type=\"heading.default\">\n\t\t\t\t<div class=\"elementor-widget-container\">\n\t\t\t<h1 class=\"elementor-heading-title elementor-size-default\">CAPITAL HUMANO<\/h1>\t\t<\/div>\n\t\t\t\t<\/div>\n\t\t\t\t<div class=\"elementor-element elementor-element-da87a42 elementor-invisible elementor-widget elementor-widget-text-editor\" data-id=\"da87a42\" data-element_type=\"widget\" data-settings=\"{&quot;_animation&quot;:&quot;slideInUp&quot;}\" data-widget_type=\"text-editor.default\">\n\t\t\t\t<div class=\"elementor-widget-container\">\n\t\t\t\t\t\t\t\t<div class=\"elementor-text-editor elementor-clearfix\">\n\t\t\t\t\t<h4 style=\"text-align: left;\"><strong>Impulsa\u00a0 el activo m\u00e1s valioso: Tu colaborador.<\/strong><\/h4>\t\t\t\t\t<\/div>\n\t\t\t\t\t\t<\/div>\n\t\t\t\t<\/div>\n\t\t\t\t<div class=\"elementor-element elementor-element-ec2032f elementor-align-left elementor-widget elementor-widget-button\" data-id=\"ec2032f\" data-element_type=\"widget\" data-widget_type=\"button.default\">\n\t\t\t\t<div class=\"elementor-widget-container\">\n\t\t\t\t\t<div class=\"elementor-button-wrapper\">\n\t\t\t<a href=\"#\" class=\"elementor-button-link elementor-button elementor-size-xs\" role=\"button\">\n\t\t\t\t\t\t<span class=\"elementor-button-content-wrapper\">\n\t\t\t\t\t\t<span class=\"elementor-button-text\">Ver m\u00e1s<\/span>\n\t\t<\/span>\n\t\t\t\t\t<\/a>\n\t\t<\/div>\n\t\t\t\t<\/div>\n\t\t\t\t<\/div>\n\t\t\t\t\t\t<\/div>\n\t\t\t\t\t<\/div>\n\t\t<\/div>\n\t\t\t\t\t\t\t\t<\/div>\n\t\t\t\t\t<\/div>\n\t\t<\/section>\n\t\t\t\t<section class=\"elementor-section elementor-top-section elementor-element elementor-element-0929719 elementor-section-boxed elementor-section-height-default elementor-section-height-default\" data-id=\"0929719\" data-element_type=\"section\">\n\t\t\t\t\t\t<div class=\"elementor-container elementor-column-gap-default\">\n\t\t\t\t\t\t\t<div class=\"elementor-row\">\n\t\t\t\t\t<div class=\"elementor-column elementor-col-33 elementor-top-column elementor-element elementor-element-f5fdd31\" data-id=\"f5fdd31\" data-element_type=\"column\">\n\t\t\t<div class=\"elementor-column-wrap elementor-element-populated\">\n\t\t\t\t\t\t\t<div class=\"elementor-widget-wrap\">\n\t\t\t\t\t\t<div class=\"elementor-element elementor-element-a9f5aca elementor-invisible elementor-widget elementor-widget-image\" data-id=\"a9f5aca\" data-element_type=\"widget\" data-settings=\"{&quot;_animation&quot;:&quot;fadeInLeft&quot;}\" data-widget_type=\"image.default\">\n\t\t\t\t<div class=\"elementor-widget-container\">\n\t\t\t\t\t\t\t\t<div class=\"elementor-image\">\n\t\t\t\t\t\t\t\t\t\t\t\t\t<a href=\"https:\/\/test.adnaceleradora.com\/wp-content\/uploads\/2020\/09\/icons_serv-corp.png\" data-elementor-open-lightbox=\"yes\" data-elementor-lightbox-title=\"icons_serv-corp\">\n\t\t\t\t\t\t\t<img width=\"800\" height=\"800\" src=\"https:\/\/test.adnaceleradora.com\/wp-content\/uploads\/2020\/09\/icons_serv-corp-1024x1024.png\" class=\"attachment-large size-large\" alt=\"\" loading=\"lazy\" srcset=\"https:\/\/test.adnaceleradora.com\/wp-content\/uploads\/2020\/09\/icons_serv-corp-1024x1024.png 1024w, https:\/\/test.adnaceleradora.com\/wp-content\/uploads\/2020\/09\/icons_serv-corp-300x300.png 300w, https:\/\/test.adnaceleradora.com\/wp-content\/uploads\/2020\/09\/icons_serv-corp-150x150.png 150w, https:\/\/test.adnaceleradora.com\/wp-content\/uploads\/2020\/09\/icons_serv-corp-768x767.png 768w, https:\/\/test.adnaceleradora.com\/wp-content\/uploads\/2020\/09\/icons_serv-corp-1536x1536.png 1536w, https:\/\/test.adnaceleradora.com\/wp-content\/uploads\/2020\/09\/icons_serv-corp-2048x2046.png 2048w\" sizes=\"(max-width: 800px) 100vw, 800px\" \/>\t\t\t\t\t\t\t\t<\/a>\n\t\t\t\t\t\t\t\t\t\t\t\t\t\t<\/div>\n\t\t\t\t\t\t<\/div>\n\t\t\t\t<\/div>\n\t\t\t\t\t\t<\/div>\n\t\t\t\t\t<\/div>\n\t\t<\/div>\n\t\t\t\t<div class=\"elementor-column elementor-col-66 elementor-top-column elementor-element elementor-element-19ce781\" data-id=\"19ce781\" data-element_type=\"column\">\n\t\t\t<div class=\"elementor-column-wrap elementor-element-populated\">\n\t\t\t\t\t\t\t<div class=\"elementor-widget-wrap\">\n\t\t\t\t\t\t<div class=\"elementor-element elementor-element-5ec26c5 elementor-invisible elementor-widget elementor-widget-heading\" data-id=\"5ec26c5\" data-element_type=\"widget\" data-settings=\"{&quot;_animation&quot;:&quot;fadeIn&quot;}\" data-widget_type=\"heading.default\">\n\t\t\t\t<div class=\"elementor-widget-container\">\n\t\t\t<h1 class=\"elementor-heading-title elementor-size-default\">SERVICIOS CORPORATIVOS<\/h1>\t\t<\/div>\n\t\t\t\t<\/div>\n\t\t\t\t<div class=\"elementor-element elementor-element-b6284de elementor-invisible elementor-widget elementor-widget-text-editor\" data-id=\"b6284de\" data-element_type=\"widget\" data-settings=\"{&quot;_animation&quot;:&quot;slideInUp&quot;}\" data-widget_type=\"text-editor.default\">\n\t\t\t\t<div class=\"elementor-widget-container\">\n\t\t\t\t\t\t\t\t<div class=\"elementor-text-editor elementor-clearfix\">\n\t\t\t\t\t<h4><b>Estrategias de mejora cont\u00ednua.<\/b><\/h4>\t\t\t\t\t<\/div>\n\t\t\t\t\t\t<\/div>\n\t\t\t\t<\/div>\n\t\t\t\t<div class=\"elementor-element elementor-element-b0d650b elementor-align-left elementor-widget elementor-widget-button\" data-id=\"b0d650b\" data-element_type=\"widget\" data-widget_type=\"button.default\">\n\t\t\t\t<div class=\"elementor-widget-container\">\n\t\t\t\t\t<div class=\"elementor-button-wrapper\">\n\t\t\t<a href=\"#\" class=\"elementor-button-link elementor-button elementor-size-xs\" role=\"button\">\n\t\t\t\t\t\t<span class=\"elementor-button-content-wrapper\">\n\t\t\t\t\t\t<span class=\"elementor-button-text\">Ver m\u00e1s<\/span>\n\t\t<\/span>\n\t\t\t\t\t<\/a>\n\t\t<\/div>\n\t\t\t\t<\/div>\n\t\t\t\t<\/div>\n\t\t\t\t\t\t<\/div>\n\t\t\t\t\t<\/div>\n\t\t<\/div>\n\t\t\t\t\t\t\t\t<\/div>\n\t\t\t\t\t<\/div>\n\t\t<\/section>\n\t\t\t\t\t\t<\/div>\n\t\t\t\t\t\t<\/div>\n\t\t\t\t\t<\/div>\n\t\t","protected":false},"excerpt":{"rendered":"<p>COMERCIAL Vende m\u00e1s. Con creatividad. Ver m\u00e1s OPERACIONES Gestiona tus procesos. Ver m\u00e1s ADMINISTRACI\u00d3NY FINANZAS Optimiza tus recursos. Ver m\u00e1s CAPITAL HUMANO Impulsa\u00a0 el activo m\u00e1s valioso: Tu colaborador. Ver m\u00e1s SERVICIOS CORPORATIVOS Estrategias de mejora cont\u00ednua. Ver m\u00e1s<\/p>\n","protected":false},"author":1,"featured_media":0,"parent":0,"menu_order":0,"comment_status":"closed","ping_status":"closed","template":"","meta":[],"_links":{"self":[{"href":"https:\/\/test.adnaceleradora.com\/index.php\/wp-json\/wp\/v2\/pages\/659"}],"collection":[{"href":"https:\/\/test.adnaceleradora.com\/index.php\/wp-json\/wp\/v2\/pages"}],"about":[{"href":"https:\/\/test.adnaceleradora.com\/index.php\/wp-json\/wp\/v2\/types\/page"}],"author":[{"embeddable":true,"href":"https:\/\/test.adnaceleradora.com\/index.php\/wp-json\/wp\/v2\/users\/1"}],"replies":[{"embeddable":true,"href":"https:\/\/test.adnaceleradora.com\/index.php\/wp-json\/wp\/v2\/comments?post=659"}],"version-history":[{"count":7,"href":"https:\/\/test.adnaceleradora.com\/index.php\/wp-json\/wp\/v2\/pages\/659\/revisions"}],"predecessor-version":[{"id":740,"href":"https:\/\/test.adnaceleradora.com\/index.php\/wp-json\/wp\/v2\/pages\/659\/revisions\/740"}],"wp:attachment":[{"href":"https:\/\/test.adnaceleradora.com\/index.php\/wp-json\/wp\/v2\/media?parent=659"}],"curies":[{"name":"wp","href":"https:\/\/api.w.org\/{rel}","templated":true}]}}